{"id":17506,"date":"2023-02-28T00:40:22","date_gmt":"2023-02-27T23:40:22","guid":{"rendered":"https:\/\/www.bicasa.it\/prodotti\/"},"modified":"2023-02-28T00:40:55","modified_gmt":"2023-02-27T23:40:55","slug":"produkte","status":"publish","type":"page","link":"https:\/\/www.bicasa.it\/de\/produkte\/","title":{"rendered":"Produkte"},"content":{"rendered":"\t\t<div data-elementor-type=\"wp-page\" data-elementor-id=\"17506\" class=\"elementor elementor-17506 elementor-13550\" data-elementor-post-type=\"page\">\n\t\t\t\t\t\t<nav class=\"elementor-section elementor-top-section elementor-element elementor-element-3008f2f elementor-section-full_width elementor-section-content-top elementor-hidden-phone elementor-section-height-default elementor-section-height-default\" data-id=\"3008f2f\" data-element_type=\"section\" data-settings=\"{&quot;background_background&quot;:&quot;classic&quot;,&quot;sticky&quot;:&quot;top&quot;,&quot;sticky_on&quot;:[&quot;desktop&quot;,&quot;tablet&quot;,&quot;mobile&quot;],&quot;sticky_offset&quot;:0,&quot;sticky_effects_offset&quot;:0,&quot;sticky_anchor_link_offset&quot;:0}\">\n\t\t\t\t\t\t<div class=\"elementor-container elementor-column-gap-no\">\n\t\t\t\t\t<div class=\"elementor-column elementor-col-100 elementor-top-column elementor-element elementor-element-f3aed7e\" data-id=\"f3aed7e\" data-element_type=\"column\">\n\t\t\t<div class=\"elementor-widget-wrap elementor-element-populated\">\n\t\t\t\t\t\t<div class=\"elementor-element elementor-element-3aeaeba elementor-nav-menu__align-center elementor-nav-menu--dropdown-none elementor-widget elementor-widget-nav-menu\" data-id=\"3aeaeba\" data-element_type=\"widget\" data-settings=\"{&quot;layout&quot;:&quot;horizontal&quot;,&quot;submenu_icon&quot;:{&quot;value&quot;:&quot;&lt;i class=\\&quot;fas fa-caret-down\\&quot; aria-hidden=\\&quot;true\\&quot;&gt;&lt;\\\/i&gt;&quot;,&quot;library&quot;:&quot;fa-solid&quot;}}\" data-widget_type=\"nav-menu.default\">\n\t\t\t\t<div class=\"elementor-widget-container\">\n\t\t\t\t\t\t\t\t<nav aria-label=\"Men\u00fc\" class=\"elementor-nav-menu--main elementor-nav-menu__container elementor-nav-menu--layout-horizontal e--pointer-background e--animation-fade\">\n\t\t\t\t<ul id=\"menu-1-3aeaeba\" class=\"elementor-nav-menu\"><li class=\"menu-item menu-item-type-post_type menu-item-object-page menu-item-18450\"><a href=\"https:\/\/www.bicasa.it\/de\/produkte\/\" class=\"elementor-item\">Produkte<\/a><\/li>\n<li class=\"menu-item menu-item-type-post_type menu-item-object-page menu-item-18451\"><a href=\"https:\/\/www.bicasa.it\/de\/produkte\/laborabzuege\/\" class=\"elementor-item\">Laborabz\u00fcge<\/a><\/li>\n<li class=\"menu-item menu-item-type-post_type menu-item-object-page menu-item-18452\"><a href=\"https:\/\/www.bicasa.it\/de\/produkte\/mep-loesungen\/\" class=\"elementor-item\">MEP L\u00f6sungen<\/a><\/li>\n<li class=\"menu-item menu-item-type-post_type menu-item-object-page menu-item-18453\"><a href=\"https:\/\/www.bicasa.it\/de\/produkte\/technische-labormoebel\/\" class=\"elementor-item\">Technische Laborm\u00f6bel<\/a><\/li>\n<li class=\"menu-item menu-item-type-post_type menu-item-object-page menu-item-18454\"><a href=\"https:\/\/www.bicasa.it\/de\/produkte\/schr%d3%93nke-und-unterschr%d3%93nke\/\" class=\"elementor-item\">Schr\u04d3nke und Unterschr\u04d3nke<\/a><\/li>\n<li class=\"menu-item menu-item-type-post_type menu-item-object-page menu-item-18455\"><a href=\"https:\/\/www.bicasa.it\/de\/produkte\/zubehoer\/\" class=\"elementor-item\">Zubeh\u00f6r<\/a><\/li>\n<\/ul>\t\t\t<\/nav>\n\t\t\t\t\t\t<nav class=\"elementor-nav-menu--dropdown elementor-nav-menu__container\" aria-hidden=\"true\">\n\t\t\t\t<ul id=\"menu-2-3aeaeba\" class=\"elementor-nav-menu\"><li class=\"menu-item menu-item-type-post_type menu-item-object-page menu-item-18450\"><a href=\"https:\/\/www.bicasa.it\/de\/produkte\/\" class=\"elementor-item\" tabindex=\"-1\">Produkte<\/a><\/li>\n<li class=\"menu-item menu-item-type-post_type menu-item-object-page menu-item-18451\"><a href=\"https:\/\/www.bicasa.it\/de\/produkte\/laborabzuege\/\" class=\"elementor-item\" tabindex=\"-1\">Laborabz\u00fcge<\/a><\/li>\n<li class=\"menu-item menu-item-type-post_type menu-item-object-page menu-item-18452\"><a href=\"https:\/\/www.bicasa.it\/de\/produkte\/mep-loesungen\/\" class=\"elementor-item\" tabindex=\"-1\">MEP L\u00f6sungen<\/a><\/li>\n<li class=\"menu-item menu-item-type-post_type menu-item-object-page menu-item-18453\"><a href=\"https:\/\/www.bicasa.it\/de\/produkte\/technische-labormoebel\/\" class=\"elementor-item\" tabindex=\"-1\">Technische Laborm\u00f6bel<\/a><\/li>\n<li class=\"menu-item menu-item-type-post_type menu-item-object-page menu-item-18454\"><a href=\"https:\/\/www.bicasa.it\/de\/produkte\/schr%d3%93nke-und-unterschr%d3%93nke\/\" class=\"elementor-item\" tabindex=\"-1\">Schr\u04d3nke und Unterschr\u04d3nke<\/a><\/li>\n<li class=\"menu-item menu-item-type-post_type menu-item-object-page menu-item-18455\"><a href=\"https:\/\/www.bicasa.it\/de\/produkte\/zubehoer\/\" class=\"elementor-item\" tabindex=\"-1\">Zubeh\u00f6r<\/a><\/li>\n<\/ul>\t\t\t<\/nav>\n\t\t\t\t\t\t<\/div>\n\t\t\t\t<\/div>\n\t\t\t\t\t<\/div>\n\t\t<\/div>\n\t\t\t\t\t<\/div>\n\t\t<\/nav>\n\t\t\t\t<section class=\"elementor-section elementor-top-section elementor-element elementor-element-6c45a4a4 elementor-section-height-min-height elementor-section-content-middle elementor-section-full_width elementor-section-height-default elementor-section-items-middle\" data-id=\"6c45a4a4\" data-element_type=\"section\" data-settings=\"{&quot;background_background&quot;:&quot;classic&quot;,&quot;animation&quot;:&quot;none&quot;}\">\n\t\t\t\t\t\t\t<div class=\"elementor-background-overlay\"><\/div>\n\t\t\t\t\t\t\t<div class=\"elementor-container elementor-column-gap-no\">\n\t\t\t\t\t<div class=\"elementor-column elementor-col-100 elementor-top-column elementor-element elementor-element-8905ad6\" data-id=\"8905ad6\" data-element_type=\"column\">\n\t\t\t<div class=\"elementor-widget-wrap\">\n\t\t\t\t\t\t\t<\/div>\n\t\t<\/div>\n\t\t\t\t\t<\/div>\n\t\t<\/section>\n\t\t\t\t<section class=\"elementor-section elementor-top-section elementor-element elementor-element-cbc9869 elementor-section-content-middle elementor-section-boxed elementor-section-height-default elementor-section-height-default\" data-id=\"cbc9869\" data-element_type=\"section\">\n\t\t\t\t\t\t\t<div class=\"elementor-background-overlay\"><\/div>\n\t\t\t\t\t\t\t<div class=\"elementor-container elementor-column-gap-no\">\n\t\t\t\t\t<div class=\"elementor-column elementor-col-100 elementor-top-column elementor-element elementor-element-8e662c7\" data-id=\"8e662c7\" data-element_type=\"column\">\n\t\t\t<div class=\"elementor-widget-wrap elementor-element-populated\">\n\t\t\t\t\t\t<div class=\"elementor-element elementor-element-b56433d elementor-widget elementor-widget-heading\" data-id=\"b56433d\" data-element_type=\"widget\" data-widget_type=\"heading.default\">\n\t\t\t\t<div class=\"elementor-widget-container\">\n\t\t\t\t\t<h2 class=\"elementor-heading-title elementor-size-default\"><b>Flexibilit\u00e4t und Modularit\u00e4t<\/b><\/h2>\t\t\t\t<\/div>\n\t\t\t\t<\/div>\n\t\t\t\t<div class=\"elementor-element elementor-element-4cdf101 elementor-widget elementor-widget-text-editor\" data-id=\"4cdf101\" data-element_type=\"widget\" data-widget_type=\"text-editor.default\">\n\t\t\t\t<div class=\"elementor-widget-container\">\n\t\t\t\t\t\t\t\t\t<p>Die konsolidierte Erfahrung auf dem Gebiet der Labor- und Analyseinstrumentierung, zusammen mit der Betonung auf Flexibilit\u00e4t und Modularit\u00e4t, hat es uns erm\u00f6glicht, die breiteste Produktpalette auf dem Markt zu entwickeln: technische L\u00f6sungen, die den Anforderungen der Labore von heute und morgen gerecht werden.<\/p>\n\t\t\t\t\t\t\t\t<\/div>\n\t\t\t\t<\/div>\n\t\t\t\t\t<\/div>\n\t\t<\/div>\n\t\t\t\t\t<\/div>\n\t\t<\/section>\n\t\t\t\t<section class=\"elementor-section elementor-top-section elementor-element elementor-element-2b8e59d elementor-section-height-min-height HomeWrapButtons elementor-section-boxed elementor-section-height-default elementor-section-items-middle\" data-id=\"2b8e59d\" data-element_type=\"section\">\n\t\t\t\t\t\t<div class=\"elementor-container elementor-column-gap-default\">\n\t\t\t\t\t<div class=\"elementor-column elementor-col-20 elementor-top-column elementor-element elementor-element-de8fbe0 box-prodotti\" data-id=\"de8fbe0\" data-element_type=\"column\">\n\t\t\t<div class=\"elementor-widget-wrap elementor-element-populated\">\n\t\t\t\t\t\t<div class=\"elementor-element elementor-element-c15cbc6 home-button elementor-widget-mobile__width-inherit elementor-position-top elementor-widget elementor-widget-image-box\" data-id=\"c15cbc6\" data-element_type=\"widget\" data-widget_type=\"image-box.default\">\n\t\t\t\t<div class=\"elementor-widget-container\">\n\t\t\t\t\t<div class=\"elementor-image-box-wrapper\"><figure class=\"elementor-image-box-img\"><a href=\"https:\/\/www.bicasa.it\/de\/produkte\/laborabzuege\/\" tabindex=\"-1\"><img decoding=\"async\" width=\"100\" height=\"152\" src=\"https:\/\/www.bicasa.it\/wp-content\/uploads\/Cappe.svg\" class=\"attachment-full size-full wp-image-17261\" alt=\"\" \/><\/a><\/figure><div class=\"elementor-image-box-content\"><h3 class=\"elementor-image-box-title\"><a href=\"https:\/\/www.bicasa.it\/de\/produkte\/laborabzuege\/\">Laborabz\u00fcge<\/a><\/h3><\/div><\/div>\t\t\t\t<\/div>\n\t\t\t\t<\/div>\n\t\t\t\t\t<\/div>\n\t\t<\/div>\n\t\t\t\t<div class=\"elementor-column elementor-col-20 elementor-top-column elementor-element elementor-element-19a7280\" data-id=\"19a7280\" data-element_type=\"column\">\n\t\t\t<div class=\"elementor-widget-wrap elementor-element-populated\">\n\t\t\t\t\t\t<div class=\"elementor-element elementor-element-f25f5e5 home-button elementor-position-top elementor-widget elementor-widget-image-box\" data-id=\"f25f5e5\" data-element_type=\"widget\" data-widget_type=\"image-box.default\">\n\t\t\t\t<div class=\"elementor-widget-container\">\n\t\t\t\t\t<div class=\"elementor-image-box-wrapper\"><figure class=\"elementor-image-box-img\"><a href=\"https:\/\/www.bicasa.it\/de\/produkte\/mep-loesungen\/\" tabindex=\"-1\"><img decoding=\"async\" width=\"128\" height=\"141\" src=\"https:\/\/www.bicasa.it\/wp-content\/uploads\/soluzioni-mep.svg\" class=\"attachment-full size-full wp-image-17266\" alt=\"\" \/><\/a><\/figure><div class=\"elementor-image-box-content\"><h3 class=\"elementor-image-box-title\"><a href=\"https:\/\/www.bicasa.it\/de\/produkte\/mep-loesungen\/\">MEP L\u00f6sungen<\/a><\/h3><\/div><\/div>\t\t\t\t<\/div>\n\t\t\t\t<\/div>\n\t\t\t\t\t<\/div>\n\t\t<\/div>\n\t\t\t\t<div class=\"elementor-column elementor-col-20 elementor-top-column elementor-element elementor-element-1ae54de\" data-id=\"1ae54de\" data-element_type=\"column\">\n\t\t\t<div class=\"elementor-widget-wrap elementor-element-populated\">\n\t\t\t\t\t\t<div class=\"elementor-element elementor-element-470a5d5 home-button elementor-position-top elementor-widget elementor-widget-image-box\" data-id=\"470a5d5\" data-element_type=\"widget\" data-widget_type=\"image-box.default\">\n\t\t\t\t<div class=\"elementor-widget-container\">\n\t\t\t\t\t<div class=\"elementor-image-box-wrapper\"><figure class=\"elementor-image-box-img\"><a href=\"https:\/\/www.bicasa.it\/de\/produkte\/technische-labormoebel\/\" tabindex=\"-1\"><img decoding=\"async\" width=\"133\" height=\"125\" src=\"https:\/\/www.bicasa.it\/wp-content\/uploads\/Arredo.svg\" class=\"attachment-full size-full wp-image-17271\" alt=\"\" \/><\/a><\/figure><div class=\"elementor-image-box-content\"><h3 class=\"elementor-image-box-title\"><a href=\"https:\/\/www.bicasa.it\/de\/produkte\/technische-labormoebel\/\">Technische Laborm\u00f6bel<\/a><\/h3><\/div><\/div>\t\t\t\t<\/div>\n\t\t\t\t<\/div>\n\t\t\t\t\t<\/div>\n\t\t<\/div>\n\t\t\t\t<div class=\"elementor-column elementor-col-20 elementor-top-column elementor-element elementor-element-a13a97f\" data-id=\"a13a97f\" data-element_type=\"column\">\n\t\t\t<div class=\"elementor-widget-wrap elementor-element-populated\">\n\t\t\t\t\t\t<div class=\"elementor-element elementor-element-01751dc home-button elementor-position-top elementor-widget elementor-widget-image-box\" data-id=\"01751dc\" data-element_type=\"widget\" data-widget_type=\"image-box.default\">\n\t\t\t\t<div class=\"elementor-widget-container\">\n\t\t\t\t\t<div class=\"elementor-image-box-wrapper\"><figure class=\"elementor-image-box-img\"><a href=\"https:\/\/www.bicasa.it\/de\/produkte\/schr%d3%93nke-und-unterschr%d3%93nke\/\" tabindex=\"-1\"><img loading=\"lazy\" decoding=\"async\" width=\"100\" height=\"119\" src=\"https:\/\/www.bicasa.it\/wp-content\/uploads\/armadi.svg\" class=\"attachment-full size-full wp-image-17276\" alt=\"\" \/><\/a><\/figure><div class=\"elementor-image-box-content\"><h3 class=\"elementor-image-box-title\"><a href=\"https:\/\/www.bicasa.it\/de\/produkte\/schr%d3%93nke-und-unterschr%d3%93nke\/\">Schr\u04d3nke und Unterschr\u04d3nke<\/a><\/h3><\/div><\/div>\t\t\t\t<\/div>\n\t\t\t\t<\/div>\n\t\t\t\t\t<\/div>\n\t\t<\/div>\n\t\t\t\t<div class=\"elementor-column elementor-col-20 elementor-top-column elementor-element elementor-element-9b9af07\" data-id=\"9b9af07\" data-element_type=\"column\">\n\t\t\t<div class=\"elementor-widget-wrap elementor-element-populated\">\n\t\t\t\t\t\t<div class=\"elementor-element elementor-element-f4d04ad home-button elementor-position-top elementor-widget elementor-widget-image-box\" data-id=\"f4d04ad\" data-element_type=\"widget\" data-widget_type=\"image-box.default\">\n\t\t\t\t<div class=\"elementor-widget-container\">\n\t\t\t\t\t<div class=\"elementor-image-box-wrapper\"><figure class=\"elementor-image-box-img\"><a href=\"https:\/\/www.bicasa.it\/de\/produkte\/zubehoer\/\" tabindex=\"-1\"><img loading=\"lazy\" decoding=\"async\" width=\"100\" height=\"122\" src=\"https:\/\/www.bicasa.it\/wp-content\/uploads\/accessori.svg\" class=\"attachment-full size-full wp-image-17281\" alt=\"\" \/><\/a><\/figure><div class=\"elementor-image-box-content\"><h3 class=\"elementor-image-box-title\"><a href=\"https:\/\/www.bicasa.it\/de\/produkte\/zubehoer\/\">Zubeh\u00f6r<\/a><\/h3><\/div><\/div>\t\t\t\t<\/div>\n\t\t\t\t<\/div>\n\t\t\t\t\t<\/div>\n\t\t<\/div>\n\t\t\t\t\t<\/div>\n\t\t<\/section>\n\t\t\t\t<section class=\"elementor-section elementor-top-section elementor-element elementor-element-10d3cb9 elementor-section-content-middle elementor-section-boxed elementor-section-height-default elementor-section-height-default\" data-id=\"10d3cb9\" data-element_type=\"section\">\n\t\t\t\t\t\t<div class=\"elementor-container elementor-column-gap-no\">\n\t\t\t\t\t<div class=\"elementor-column elementor-col-100 elementor-top-column elementor-element elementor-element-5ded8e2\" data-id=\"5ded8e2\" data-element_type=\"column\">\n\t\t\t<div class=\"elementor-widget-wrap elementor-element-populated\">\n\t\t\t\t\t\t<div class=\"elementor-element elementor-element-89deab5 elementor-cta--layout-image-left elementor-cta--mobile-layout-image-above elementor-cta--valign-middle elementor-cta--skin-classic elementor-animated-content elementor-bg-transform elementor-bg-transform-zoom-in elementor-widget elementor-widget-global elementor-global-18843 elementor-global-14413 elementor-widget-call-to-action\" data-id=\"89deab5\" data-element_type=\"widget\" data-widget_type=\"call-to-action.default\">\n\t\t\t\t<div class=\"elementor-widget-container\">\n\t\t\t\t\t\t\t<div class=\"elementor-cta\">\n\t\t\t\t\t<div class=\"elementor-cta__bg-wrapper\">\n\t\t\t\t<div class=\"elementor-cta__bg elementor-bg\" style=\"background-image: url(https:\/\/www.bicasa.it\/wp-content\/uploads\/1598117328.png);\" role=\"img\" aria-label=\"design book\"><\/div>\n\t\t\t\t<div class=\"elementor-cta__bg-overlay\"><\/div>\n\t\t\t<\/div>\n\t\t\t\t\t\t\t<div class=\"elementor-cta__content\">\n\t\t\t\t\n\t\t\t\t\t\t\t\t\t<h2 class=\"elementor-cta__title elementor-cta__content-item elementor-content-item\">\n\t\t\t\t\t\tUnser Katalog zum Download\t\t\t\t\t<\/h2>\n\t\t\t\t\n\t\t\t\t\t\t\t\t\t<div class=\"elementor-cta__description elementor-cta__content-item elementor-content-item\">\n\t\t\t\t\t\t<p>Laden Sie unseren Gesamtkatalog oder die Brosch\u00fcren der Produkte, die Sie interessieren, herunter. <\/p>\n\t\t\t\t\t<\/div>\n\t\t\t\t\n\t\t\t\t\t\t\t\t\t<div class=\"elementor-cta__button-wrapper elementor-cta__content-item elementor-content-item \">\n\t\t\t\t\t<a class=\"elementor-cta__button elementor-button elementor-size-md\" href=\"https:\/\/www.bicasa.it\/de\/download\/\">\n\t\t\t\t\t\tHerunterladen\t\t\t\t\t<\/a>\n\t\t\t\t\t<\/div>\n\t\t\t\t\t\t\t<\/div>\n\t\t\t\t\t\t<\/div>\n\t\t\t\t\t\t<\/div>\n\t\t\t\t<\/div>\n\t\t\t\t\t<\/div>\n\t\t<\/div>\n\t\t\t\t\t<\/div>\n\t\t<\/section>\n\t\t\t\t<\/div>\n\t\t","protected":false},"excerpt":{"rendered":"<p>Flexibilit\u00e4t und Modularit\u00e4t Die konsolidierte Erfahrung auf dem Gebiet der Labor- und Analyseinstrumentierung, zusammen mit der Betonung auf Flexibilit\u00e4t und Modularit\u00e4t, hat es uns erm\u00f6glicht, die breiteste Produktpalette auf dem Markt zu entwickeln: technische L\u00f6sungen, die den Anforderungen der Labore von heute und morgen gerecht werden. Laborabz\u00fcge MEP L\u00f6sungen Technische Laborm\u00f6bel Schr\u04d3nke und Unterschr\u04d3nke Zubeh\u00f6r [&hellip;]<\/p>\n","protected":false},"author":5,"featured_media":0,"parent":0,"menu_order":20,"comment_status":"closed","ping_status":"closed","template":"","meta":{"footnotes":""},"class_list":["post-17506","page","type-page","status-publish","hentry"],"yoast_head":"<!-- This site is optimized with the Yoast SEO plugin v27.2 - https:\/\/yoast.com\/product\/yoast-seo-wordpress\/ -->\n<title>Produkte - Bicasa<\/title>\n<meta name=\"description\" content=\"Flexibilit\u00e4t und Modularit\u00e4t - Die konsolidierte Erfahrung auf dem Gebiet der Labor- und Analyseinstrumentierung, zusammen mit der Betonung auf Flexibilit\u00e4t und Modularit\u00e4t, hat es uns erm\u00f6glicht, die breiteste Produktpalette auf dem Markt zu entwickeln:\" \/>\n<meta name=\"robots\" content=\"index, follow, max-snippet:-1, max-image-preview:large, max-video-preview:-1\" \/>\n<link rel=\"canonical\" href=\"https:\/\/www.bicasa.it\/en\/products\/\" \/>\n<meta property=\"og:locale\" content=\"de_DE\" \/>\n<meta property=\"og:type\" content=\"article\" \/>\n<meta property=\"og:title\" content=\"Produkte - Bicasa\" \/>\n<meta property=\"og:description\" content=\"Flexibilit\u00e4t und Modularit\u00e4t - Die konsolidierte Erfahrung auf dem Gebiet der Labor- und Analyseinstrumentierung, zusammen mit der Betonung auf Flexibilit\u00e4t und Modularit\u00e4t, hat es uns erm\u00f6glicht, die breiteste Produktpalette auf dem Markt zu entwickeln:\" \/>\n<meta property=\"og:url\" content=\"https:\/\/www.bicasa.it\/en\/products\/\" \/>\n<meta property=\"og:site_name\" content=\"Bicasa\" \/>\n<meta property=\"article:modified_time\" content=\"2023-02-27T23:40:55+00:00\" \/>\n<meta property=\"og:image\" content=\"https:\/\/www.bicasa.it\/wp-content\/uploads\/Cappe.svg\" \/>\n<meta name=\"twitter:card\" content=\"summary_large_image\" \/>\n<meta name=\"twitter:label1\" content=\"Gesch\u00e4tzte Lesezeit\" \/>\n\t<meta name=\"twitter:data1\" content=\"2\u00a0Minuten\" \/>\n<script type=\"application\/ld+json\" class=\"yoast-schema-graph\">{\"@context\":\"https:\/\/schema.org\",\"@graph\":[{\"@type\":\"WebPage\",\"@id\":\"https:\/\/www.bicasa.it\/en\/products\/\",\"url\":\"https:\/\/www.bicasa.it\/en\/products\/\",\"name\":\"Produkte - Bicasa\",\"isPartOf\":{\"@id\":\"https:\/\/www.bicasa.it\/#website\"},\"primaryImageOfPage\":{\"@id\":\"https:\/\/www.bicasa.it\/en\/products\/#primaryimage\"},\"image\":{\"@id\":\"https:\/\/www.bicasa.it\/en\/products\/#primaryimage\"},\"thumbnailUrl\":\"https:\/\/www.bicasa.it\/wp-content\/uploads\/Cappe.svg\",\"datePublished\":\"2023-02-27T23:40:22+00:00\",\"dateModified\":\"2023-02-27T23:40:55+00:00\",\"description\":\"Flexibilit\u00e4t und Modularit\u00e4t - Die konsolidierte Erfahrung auf dem Gebiet der Labor- und Analyseinstrumentierung, zusammen mit der Betonung auf Flexibilit\u00e4t und Modularit\u00e4t, hat es uns erm\u00f6glicht, die breiteste Produktpalette auf dem Markt zu entwickeln:\",\"breadcrumb\":{\"@id\":\"https:\/\/www.bicasa.it\/en\/products\/#breadcrumb\"},\"inLanguage\":\"de\",\"potentialAction\":[{\"@type\":\"ReadAction\",\"target\":[\"https:\/\/www.bicasa.it\/en\/products\/\"]}]},{\"@type\":\"ImageObject\",\"inLanguage\":\"de\",\"@id\":\"https:\/\/www.bicasa.it\/en\/products\/#primaryimage\",\"url\":\"https:\/\/www.bicasa.it\/wp-content\/uploads\/Cappe.svg\",\"contentUrl\":\"https:\/\/www.bicasa.it\/wp-content\/uploads\/Cappe.svg\"},{\"@type\":\"BreadcrumbList\",\"@id\":\"https:\/\/www.bicasa.it\/en\/products\/#breadcrumb\",\"itemListElement\":[{\"@type\":\"ListItem\",\"position\":1,\"name\":\"Home\",\"item\":\"https:\/\/www.bicasa.it\/de\/home-page\/\"},{\"@type\":\"ListItem\",\"position\":2,\"name\":\"Produkte\"}]},{\"@type\":\"WebSite\",\"@id\":\"https:\/\/www.bicasa.it\/#website\",\"url\":\"https:\/\/www.bicasa.it\/\",\"name\":\"Bicasa\",\"description\":\"\",\"publisher\":{\"@id\":\"https:\/\/www.bicasa.it\/#organization\"},\"potentialAction\":[{\"@type\":\"SearchAction\",\"target\":{\"@type\":\"EntryPoint\",\"urlTemplate\":\"https:\/\/www.bicasa.it\/?s={search_term_string}\"},\"query-input\":{\"@type\":\"PropertyValueSpecification\",\"valueRequired\":true,\"valueName\":\"search_term_string\"}}],\"inLanguage\":\"de\"},{\"@type\":\"Organization\",\"@id\":\"https:\/\/www.bicasa.it\/#organization\",\"name\":\"Bicasa\",\"url\":\"https:\/\/www.bicasa.it\/\",\"logo\":{\"@type\":\"ImageObject\",\"inLanguage\":\"de\",\"@id\":\"https:\/\/www.bicasa.it\/#\/schema\/logo\/image\/\",\"url\":\"https:\/\/www.bicasa.it\/wp-content\/uploads\/logo-bicasa-we-lead-lab.svg\",\"contentUrl\":\"https:\/\/www.bicasa.it\/wp-content\/uploads\/logo-bicasa-we-lead-lab.svg\",\"width\":589,\"height\":185,\"caption\":\"Bicasa\"},\"image\":{\"@id\":\"https:\/\/www.bicasa.it\/#\/schema\/logo\/image\/\"}}]}<\/script>\n<!-- \/ Yoast SEO plugin. -->","yoast_head_json":{"title":"Produkte - Bicasa","description":"Flexibilit\u00e4t und Modularit\u00e4t - Die konsolidierte Erfahrung auf dem Gebiet der Labor- und Analyseinstrumentierung, zusammen mit der Betonung auf Flexibilit\u00e4t und Modularit\u00e4t, hat es uns erm\u00f6glicht, die breiteste Produktpalette auf dem Markt zu entwickeln:","robots":{"index":"index","follow":"follow","max-snippet":"max-snippet:-1","max-image-preview":"max-image-preview:large","max-video-preview":"max-video-preview:-1"},"canonical":"https:\/\/www.bicasa.it\/en\/products\/","og_locale":"de_DE","og_type":"article","og_title":"Produkte - Bicasa","og_description":"Flexibilit\u00e4t und Modularit\u00e4t - Die konsolidierte Erfahrung auf dem Gebiet der Labor- und Analyseinstrumentierung, zusammen mit der Betonung auf Flexibilit\u00e4t und Modularit\u00e4t, hat es uns erm\u00f6glicht, die breiteste Produktpalette auf dem Markt zu entwickeln:","og_url":"https:\/\/www.bicasa.it\/en\/products\/","og_site_name":"Bicasa","article_modified_time":"2023-02-27T23:40:55+00:00","og_image":[{"url":"https:\/\/www.bicasa.it\/wp-content\/uploads\/Cappe.svg","type":"","width":"","height":""}],"twitter_card":"summary_large_image","twitter_misc":{"Gesch\u00e4tzte Lesezeit":"2\u00a0Minuten"},"schema":{"@context":"https:\/\/schema.org","@graph":[{"@type":"WebPage","@id":"https:\/\/www.bicasa.it\/en\/products\/","url":"https:\/\/www.bicasa.it\/en\/products\/","name":"Produkte - Bicasa","isPartOf":{"@id":"https:\/\/www.bicasa.it\/#website"},"primaryImageOfPage":{"@id":"https:\/\/www.bicasa.it\/en\/products\/#primaryimage"},"image":{"@id":"https:\/\/www.bicasa.it\/en\/products\/#primaryimage"},"thumbnailUrl":"https:\/\/www.bicasa.it\/wp-content\/uploads\/Cappe.svg","datePublished":"2023-02-27T23:40:22+00:00","dateModified":"2023-02-27T23:40:55+00:00","description":"Flexibilit\u00e4t und Modularit\u00e4t - Die konsolidierte Erfahrung auf dem Gebiet der Labor- und Analyseinstrumentierung, zusammen mit der Betonung auf Flexibilit\u00e4t und Modularit\u00e4t, hat es uns erm\u00f6glicht, die breiteste Produktpalette auf dem Markt zu entwickeln:","breadcrumb":{"@id":"https:\/\/www.bicasa.it\/en\/products\/#breadcrumb"},"inLanguage":"de","potentialAction":[{"@type":"ReadAction","target":["https:\/\/www.bicasa.it\/en\/products\/"]}]},{"@type":"ImageObject","inLanguage":"de","@id":"https:\/\/www.bicasa.it\/en\/products\/#primaryimage","url":"https:\/\/www.bicasa.it\/wp-content\/uploads\/Cappe.svg","contentUrl":"https:\/\/www.bicasa.it\/wp-content\/uploads\/Cappe.svg"},{"@type":"BreadcrumbList","@id":"https:\/\/www.bicasa.it\/en\/products\/#breadcrumb","itemListElement":[{"@type":"ListItem","position":1,"name":"Home","item":"https:\/\/www.bicasa.it\/de\/home-page\/"},{"@type":"ListItem","position":2,"name":"Produkte"}]},{"@type":"WebSite","@id":"https:\/\/www.bicasa.it\/#website","url":"https:\/\/www.bicasa.it\/","name":"Bicasa","description":"","publisher":{"@id":"https:\/\/www.bicasa.it\/#organization"},"potentialAction":[{"@type":"SearchAction","target":{"@type":"EntryPoint","urlTemplate":"https:\/\/www.bicasa.it\/?s={search_term_string}"},"query-input":{"@type":"PropertyValueSpecification","valueRequired":true,"valueName":"search_term_string"}}],"inLanguage":"de"},{"@type":"Organization","@id":"https:\/\/www.bicasa.it\/#organization","name":"Bicasa","url":"https:\/\/www.bicasa.it\/","logo":{"@type":"ImageObject","inLanguage":"de","@id":"https:\/\/www.bicasa.it\/#\/schema\/logo\/image\/","url":"https:\/\/www.bicasa.it\/wp-content\/uploads\/logo-bicasa-we-lead-lab.svg","contentUrl":"https:\/\/www.bicasa.it\/wp-content\/uploads\/logo-bicasa-we-lead-lab.svg","width":589,"height":185,"caption":"Bicasa"},"image":{"@id":"https:\/\/www.bicasa.it\/#\/schema\/logo\/image\/"}}]}},"_links":{"self":[{"href":"https:\/\/www.bicasa.it\/de\/wp-json\/wp\/v2\/pages\/17506","targetHints":{"allow":["GET"]}}],"collection":[{"href":"https:\/\/www.bicasa.it\/de\/wp-json\/wp\/v2\/pages"}],"about":[{"href":"https:\/\/www.bicasa.it\/de\/wp-json\/wp\/v2\/types\/page"}],"author":[{"embeddable":true,"href":"https:\/\/www.bicasa.it\/de\/wp-json\/wp\/v2\/users\/5"}],"replies":[{"embeddable":true,"href":"https:\/\/www.bicasa.it\/de\/wp-json\/wp\/v2\/comments?post=17506"}],"version-history":[{"count":11,"href":"https:\/\/www.bicasa.it\/de\/wp-json\/wp\/v2\/pages\/17506\/revisions"}],"predecessor-version":[{"id":19740,"href":"https:\/\/www.bicasa.it\/de\/wp-json\/wp\/v2\/pages\/17506\/revisions\/19740"}],"wp:attachment":[{"href":"https:\/\/www.bicasa.it\/de\/wp-json\/wp\/v2\/media?parent=17506"}],"curies":[{"name":"wp","href":"https:\/\/api.w.org\/{rel}","templated":true}]}}