{"id":15503,"date":"2023-02-28T00:39:12","date_gmt":"2023-02-27T23:39:12","guid":{"rendered":"http:\/\/www.bicasa.it\/prodotti\/"},"modified":"2023-02-28T00:39:40","modified_gmt":"2023-02-27T23:39:40","slug":"products","status":"publish","type":"page","link":"https:\/\/www.bicasa.it\/en\/products\/","title":{"rendered":"Products"},"content":{"rendered":"\t\t<div data-elementor-type=\"wp-page\" data-elementor-id=\"15503\" class=\"elementor elementor-15503 elementor-13550\" data-elementor-post-type=\"page\">\n\t\t\t\t\t\t<nav class=\"elementor-section elementor-top-section elementor-element elementor-element-3008f2f elementor-section-full_width elementor-section-content-top elementor-hidden-phone elementor-section-height-default elementor-section-height-default\" data-id=\"3008f2f\" data-element_type=\"section\" data-settings=\"{&quot;background_background&quot;:&quot;classic&quot;,&quot;sticky&quot;:&quot;top&quot;,&quot;sticky_on&quot;:[&quot;desktop&quot;,&quot;tablet&quot;,&quot;mobile&quot;],&quot;sticky_offset&quot;:0,&quot;sticky_effects_offset&quot;:0,&quot;sticky_anchor_link_offset&quot;:0}\">\n\t\t\t\t\t\t<div class=\"elementor-container elementor-column-gap-no\">\n\t\t\t\t\t<div class=\"elementor-column elementor-col-100 elementor-top-column elementor-element elementor-element-f3aed7e\" data-id=\"f3aed7e\" data-element_type=\"column\">\n\t\t\t<div class=\"elementor-widget-wrap elementor-element-populated\">\n\t\t\t\t\t\t<div class=\"elementor-element elementor-element-3aeaeba elementor-nav-menu__align-center elementor-nav-menu--dropdown-none elementor-widget elementor-widget-nav-menu\" data-id=\"3aeaeba\" data-element_type=\"widget\" data-settings=\"{&quot;layout&quot;:&quot;horizontal&quot;,&quot;submenu_icon&quot;:{&quot;value&quot;:&quot;&lt;i class=\\&quot;fas fa-caret-down\\&quot; aria-hidden=\\&quot;true\\&quot;&gt;&lt;\\\/i&gt;&quot;,&quot;library&quot;:&quot;fa-solid&quot;}}\" data-widget_type=\"nav-menu.default\">\n\t\t\t\t<div class=\"elementor-widget-container\">\n\t\t\t\t\t\t\t\t<nav aria-label=\"Menu\" class=\"elementor-nav-menu--main elementor-nav-menu__container elementor-nav-menu--layout-horizontal e--pointer-background e--animation-fade\">\n\t\t\t\t<ul id=\"menu-1-3aeaeba\" class=\"elementor-nav-menu\"><li class=\"menu-item menu-item-type-post_type menu-item-object-page menu-item-16208\"><a href=\"https:\/\/www.bicasa.it\/en\/products\/\" class=\"elementor-item\">Products<\/a><\/li>\n<li class=\"menu-item menu-item-type-post_type menu-item-object-page menu-item-16209\"><a href=\"https:\/\/www.bicasa.it\/en\/products\/fume-cupboards\/\" class=\"elementor-item\">Fume cupboards<\/a><\/li>\n<li class=\"menu-item menu-item-type-post_type menu-item-object-page menu-item-16210\"><a href=\"https:\/\/www.bicasa.it\/en\/products\/mep-solutions\/\" class=\"elementor-item\">MEP solutions<\/a><\/li>\n<li class=\"menu-item menu-item-type-post_type menu-item-object-page menu-item-16211\"><a href=\"https:\/\/www.bicasa.it\/en\/products\/furniture\/\" class=\"elementor-item\">Technical laboratory furniture<\/a><\/li>\n<li class=\"menu-item menu-item-type-post_type menu-item-object-page menu-item-16212\"><a href=\"https:\/\/www.bicasa.it\/en\/products\/cabinets-and-cupboards\/\" class=\"elementor-item\">Laboratory cupboards and cabinets<\/a><\/li>\n<li class=\"menu-item menu-item-type-post_type menu-item-object-page menu-item-16213\"><a href=\"https:\/\/www.bicasa.it\/en\/products\/accessories\/\" class=\"elementor-item\">Accessories<\/a><\/li>\n<\/ul>\t\t\t<\/nav>\n\t\t\t\t\t\t<nav class=\"elementor-nav-menu--dropdown elementor-nav-menu__container\" aria-hidden=\"true\">\n\t\t\t\t<ul id=\"menu-2-3aeaeba\" class=\"elementor-nav-menu\"><li class=\"menu-item menu-item-type-post_type menu-item-object-page menu-item-16208\"><a href=\"https:\/\/www.bicasa.it\/en\/products\/\" class=\"elementor-item\" tabindex=\"-1\">Products<\/a><\/li>\n<li class=\"menu-item menu-item-type-post_type menu-item-object-page menu-item-16209\"><a href=\"https:\/\/www.bicasa.it\/en\/products\/fume-cupboards\/\" class=\"elementor-item\" tabindex=\"-1\">Fume cupboards<\/a><\/li>\n<li class=\"menu-item menu-item-type-post_type menu-item-object-page menu-item-16210\"><a href=\"https:\/\/www.bicasa.it\/en\/products\/mep-solutions\/\" class=\"elementor-item\" tabindex=\"-1\">MEP solutions<\/a><\/li>\n<li class=\"menu-item menu-item-type-post_type menu-item-object-page menu-item-16211\"><a href=\"https:\/\/www.bicasa.it\/en\/products\/furniture\/\" class=\"elementor-item\" tabindex=\"-1\">Technical laboratory furniture<\/a><\/li>\n<li class=\"menu-item menu-item-type-post_type menu-item-object-page menu-item-16212\"><a href=\"https:\/\/www.bicasa.it\/en\/products\/cabinets-and-cupboards\/\" class=\"elementor-item\" tabindex=\"-1\">Laboratory cupboards and cabinets<\/a><\/li>\n<li class=\"menu-item menu-item-type-post_type menu-item-object-page menu-item-16213\"><a href=\"https:\/\/www.bicasa.it\/en\/products\/accessories\/\" class=\"elementor-item\" tabindex=\"-1\">Accessories<\/a><\/li>\n<\/ul>\t\t\t<\/nav>\n\t\t\t\t\t\t<\/div>\n\t\t\t\t<\/div>\n\t\t\t\t\t<\/div>\n\t\t<\/div>\n\t\t\t\t\t<\/div>\n\t\t<\/nav>\n\t\t\t\t<section class=\"elementor-section elementor-top-section elementor-element elementor-element-6c45a4a4 elementor-section-height-min-height elementor-section-content-middle elementor-section-full_width elementor-section-height-default elementor-section-items-middle\" data-id=\"6c45a4a4\" data-element_type=\"section\" data-settings=\"{&quot;background_background&quot;:&quot;classic&quot;,&quot;animation&quot;:&quot;none&quot;}\">\n\t\t\t\t\t\t\t<div class=\"elementor-background-overlay\"><\/div>\n\t\t\t\t\t\t\t<div class=\"elementor-container elementor-column-gap-no\">\n\t\t\t\t\t<div class=\"elementor-column elementor-col-100 elementor-top-column elementor-element elementor-element-8905ad6\" data-id=\"8905ad6\" data-element_type=\"column\">\n\t\t\t<div class=\"elementor-widget-wrap\">\n\t\t\t\t\t\t\t<\/div>\n\t\t<\/div>\n\t\t\t\t\t<\/div>\n\t\t<\/section>\n\t\t\t\t<section class=\"elementor-section elementor-top-section elementor-element elementor-element-cbc9869 elementor-section-content-middle elementor-section-boxed elementor-section-height-default elementor-section-height-default\" data-id=\"cbc9869\" data-element_type=\"section\">\n\t\t\t\t\t\t\t<div class=\"elementor-background-overlay\"><\/div>\n\t\t\t\t\t\t\t<div class=\"elementor-container elementor-column-gap-no\">\n\t\t\t\t\t<div class=\"elementor-column elementor-col-100 elementor-top-column elementor-element elementor-element-8e662c7\" data-id=\"8e662c7\" data-element_type=\"column\">\n\t\t\t<div class=\"elementor-widget-wrap elementor-element-populated\">\n\t\t\t\t\t\t<div class=\"elementor-element elementor-element-b56433d elementor-widget elementor-widget-heading\" data-id=\"b56433d\" data-element_type=\"widget\" data-widget_type=\"heading.default\">\n\t\t\t\t<div class=\"elementor-widget-container\">\n\t\t\t\t\t<h2 class=\"elementor-heading-title elementor-size-default\"><b>Flexibility and Modularity<\/b><\/h2>\t\t\t\t<\/div>\n\t\t\t\t<\/div>\n\t\t\t\t<div class=\"elementor-element elementor-element-4cdf101 elementor-widget elementor-widget-text-editor\" data-id=\"4cdf101\" data-element_type=\"widget\" data-widget_type=\"text-editor.default\">\n\t\t\t\t<div class=\"elementor-widget-container\">\n\t\t\t\t\t\t\t\t\t<p>Consolidated experience in the field of laboratory and analytical instrumentation, together with an emphasis on flexibility and modularity, has enabled us to develop the widest range of products on the market: technical solutions to meet the needs of today&#8217;s and tomorrow&#8217;s laboratories.<\/p>\n\t\t\t\t\t\t\t\t<\/div>\n\t\t\t\t<\/div>\n\t\t\t\t\t<\/div>\n\t\t<\/div>\n\t\t\t\t\t<\/div>\n\t\t<\/section>\n\t\t\t\t<section class=\"elementor-section elementor-top-section elementor-element elementor-element-dd242f8 elementor-section-height-min-height HomeWrapButtons elementor-section-boxed elementor-section-height-default elementor-section-items-middle\" data-id=\"dd242f8\" data-element_type=\"section\">\n\t\t\t\t\t\t<div class=\"elementor-container elementor-column-gap-default\">\n\t\t\t\t\t<div class=\"elementor-column elementor-col-20 elementor-top-column elementor-element elementor-element-bac5228\" data-id=\"bac5228\" data-element_type=\"column\">\n\t\t\t<div class=\"elementor-widget-wrap elementor-element-populated\">\n\t\t\t\t\t\t<div class=\"elementor-element elementor-element-7854703 home-button elementor-widget-mobile__width-inherit elementor-position-top elementor-widget elementor-widget-image-box\" data-id=\"7854703\" data-element_type=\"widget\" data-widget_type=\"image-box.default\">\n\t\t\t\t<div class=\"elementor-widget-container\">\n\t\t\t\t\t<div class=\"elementor-image-box-wrapper\"><figure class=\"elementor-image-box-img\"><a href=\"https:\/\/www.bicasa.it\/en\/products\/fume-cupboards\/\" tabindex=\"-1\"><img decoding=\"async\" width=\"100\" height=\"152\" src=\"https:\/\/www.bicasa.it\/wp-content\/uploads\/Cappe.svg\" class=\"attachment-full size-full wp-image-15505\" alt=\"\" \/><\/a><\/figure><div class=\"elementor-image-box-content\"><h3 class=\"elementor-image-box-title\"><a href=\"https:\/\/www.bicasa.it\/en\/products\/fume-cupboards\/\">Fume Cupboards<\/a><\/h3><\/div><\/div>\t\t\t\t<\/div>\n\t\t\t\t<\/div>\n\t\t\t\t\t<\/div>\n\t\t<\/div>\n\t\t\t\t<div class=\"elementor-column elementor-col-20 elementor-top-column elementor-element elementor-element-f37b486\" data-id=\"f37b486\" data-element_type=\"column\">\n\t\t\t<div class=\"elementor-widget-wrap elementor-element-populated\">\n\t\t\t\t\t\t<div class=\"elementor-element elementor-element-bfe85c6 home-button elementor-position-top elementor-widget elementor-widget-image-box\" data-id=\"bfe85c6\" data-element_type=\"widget\" data-widget_type=\"image-box.default\">\n\t\t\t\t<div class=\"elementor-widget-container\">\n\t\t\t\t\t<div class=\"elementor-image-box-wrapper\"><figure class=\"elementor-image-box-img\"><a href=\"https:\/\/www.bicasa.it\/en\/products\/mep-solutions\/\" tabindex=\"-1\"><img decoding=\"async\" width=\"128\" height=\"141\" src=\"https:\/\/www.bicasa.it\/wp-content\/uploads\/soluzioni-mep.svg\" class=\"attachment-full size-full wp-image-15507\" alt=\"\" \/><\/a><\/figure><div class=\"elementor-image-box-content\"><h3 class=\"elementor-image-box-title\"><a href=\"https:\/\/www.bicasa.it\/en\/products\/mep-solutions\/\">MEP Solutions<\/a><\/h3><\/div><\/div>\t\t\t\t<\/div>\n\t\t\t\t<\/div>\n\t\t\t\t\t<\/div>\n\t\t<\/div>\n\t\t\t\t<div class=\"elementor-column elementor-col-20 elementor-top-column elementor-element elementor-element-300778f\" data-id=\"300778f\" data-element_type=\"column\">\n\t\t\t<div class=\"elementor-widget-wrap elementor-element-populated\">\n\t\t\t\t\t\t<div class=\"elementor-element elementor-element-5281bdb home-button elementor-position-top elementor-widget elementor-widget-image-box\" data-id=\"5281bdb\" data-element_type=\"widget\" data-widget_type=\"image-box.default\">\n\t\t\t\t<div class=\"elementor-widget-container\">\n\t\t\t\t\t<div class=\"elementor-image-box-wrapper\"><figure class=\"elementor-image-box-img\"><a href=\"https:\/\/www.bicasa.it\/en\/products\/furniture\/\" tabindex=\"-1\"><img decoding=\"async\" width=\"133\" height=\"125\" src=\"https:\/\/www.bicasa.it\/wp-content\/uploads\/Arredo.svg\" class=\"attachment-full size-full wp-image-15509\" alt=\"\" \/><\/a><\/figure><div class=\"elementor-image-box-content\"><h3 class=\"elementor-image-box-title\"><a href=\"https:\/\/www.bicasa.it\/en\/products\/furniture\/\">Technical Lab Furniture<\/a><\/h3><\/div><\/div>\t\t\t\t<\/div>\n\t\t\t\t<\/div>\n\t\t\t\t\t<\/div>\n\t\t<\/div>\n\t\t\t\t<div class=\"elementor-column elementor-col-20 elementor-top-column elementor-element elementor-element-14b812e\" data-id=\"14b812e\" data-element_type=\"column\">\n\t\t\t<div class=\"elementor-widget-wrap elementor-element-populated\">\n\t\t\t\t\t\t<div class=\"elementor-element elementor-element-b29ce5e home-button elementor-position-top elementor-widget elementor-widget-image-box\" data-id=\"b29ce5e\" data-element_type=\"widget\" data-widget_type=\"image-box.default\">\n\t\t\t\t<div class=\"elementor-widget-container\">\n\t\t\t\t\t<div class=\"elementor-image-box-wrapper\"><figure class=\"elementor-image-box-img\"><a href=\"https:\/\/www.bicasa.it\/en\/products\/cabinets-and-cupboards\/\" tabindex=\"-1\"><img loading=\"lazy\" decoding=\"async\" width=\"100\" height=\"119\" src=\"https:\/\/www.bicasa.it\/wp-content\/uploads\/armadi.svg\" class=\"attachment-full size-full wp-image-15511\" alt=\"\" \/><\/a><\/figure><div class=\"elementor-image-box-content\"><h3 class=\"elementor-image-box-title\"><a href=\"https:\/\/www.bicasa.it\/en\/products\/cabinets-and-cupboards\/\">Cabinets and Cupboard<\/a><\/h3><\/div><\/div>\t\t\t\t<\/div>\n\t\t\t\t<\/div>\n\t\t\t\t\t<\/div>\n\t\t<\/div>\n\t\t\t\t<div class=\"elementor-column elementor-col-20 elementor-top-column elementor-element elementor-element-323e792\" data-id=\"323e792\" data-element_type=\"column\">\n\t\t\t<div class=\"elementor-widget-wrap elementor-element-populated\">\n\t\t\t\t\t\t<div class=\"elementor-element elementor-element-9543402 home-button elementor-position-top elementor-widget elementor-widget-image-box\" data-id=\"9543402\" data-element_type=\"widget\" data-widget_type=\"image-box.default\">\n\t\t\t\t<div class=\"elementor-widget-container\">\n\t\t\t\t\t<div class=\"elementor-image-box-wrapper\"><figure class=\"elementor-image-box-img\"><a href=\"https:\/\/www.bicasa.it\/en\/products\/accessories\/\" tabindex=\"-1\"><img loading=\"lazy\" decoding=\"async\" width=\"100\" height=\"122\" src=\"https:\/\/www.bicasa.it\/wp-content\/uploads\/accessori.svg\" class=\"attachment-full size-full wp-image-15513\" alt=\"\" \/><\/a><\/figure><div class=\"elementor-image-box-content\"><h3 class=\"elementor-image-box-title\"><a href=\"https:\/\/www.bicasa.it\/en\/products\/accessories\/\">Accessories<\/a><\/h3><\/div><\/div>\t\t\t\t<\/div>\n\t\t\t\t<\/div>\n\t\t\t\t\t<\/div>\n\t\t<\/div>\n\t\t\t\t\t<\/div>\n\t\t<\/section>\n\t\t\t\t<section class=\"elementor-section elementor-top-section elementor-element elementor-element-10d3cb9 elementor-section-content-middle elementor-section-boxed elementor-section-height-default elementor-section-height-default\" data-id=\"10d3cb9\" data-element_type=\"section\">\n\t\t\t\t\t\t<div class=\"elementor-container elementor-column-gap-no\">\n\t\t\t\t\t<div class=\"elementor-column elementor-col-100 elementor-top-column elementor-element elementor-element-5ded8e2\" data-id=\"5ded8e2\" data-element_type=\"column\">\n\t\t\t<div class=\"elementor-widget-wrap elementor-element-populated\">\n\t\t\t\t\t\t<div class=\"elementor-element elementor-element-89deab5 elementor-cta--layout-image-left elementor-cta--mobile-layout-image-above elementor-cta--valign-middle elementor-cta--skin-classic elementor-animated-content elementor-bg-transform elementor-bg-transform-zoom-in elementor-widget elementor-widget-global elementor-global-16279 elementor-global-14413 elementor-widget-call-to-action\" data-id=\"89deab5\" data-element_type=\"widget\" data-widget_type=\"call-to-action.default\">\n\t\t\t\t<div class=\"elementor-widget-container\">\n\t\t\t\t\t\t\t<div class=\"elementor-cta\">\n\t\t\t\t\t<div class=\"elementor-cta__bg-wrapper\">\n\t\t\t\t<div class=\"elementor-cta__bg elementor-bg\" style=\"background-image: url(https:\/\/www.bicasa.it\/wp-content\/uploads\/1598117328.png);\" role=\"img\" aria-label=\"design book\"><\/div>\n\t\t\t\t<div class=\"elementor-cta__bg-overlay\"><\/div>\n\t\t\t<\/div>\n\t\t\t\t\t\t\t<div class=\"elementor-cta__content\">\n\t\t\t\t\n\t\t\t\t\t\t\t\t\t<h2 class=\"elementor-cta__title elementor-cta__content-item elementor-content-item\">\n\t\t\t\t\t\tDownload our catalogue\t\t\t\t\t<\/h2>\n\t\t\t\t\n\t\t\t\t\t\t\t\t\t<div class=\"elementor-cta__description elementor-cta__content-item elementor-content-item\">\n\t\t\t\t\t\t<p>Download our general catalogue or the brochures of the products you are interested in.<\/p>\n\t\t\t\t\t<\/div>\n\t\t\t\t\n\t\t\t\t\t\t\t\t\t<div class=\"elementor-cta__button-wrapper elementor-cta__content-item elementor-content-item \">\n\t\t\t\t\t<a class=\"elementor-cta__button elementor-button elementor-size-md\" href=\"https:\/\/www.bicasa.it\/en\/download\/\">\n\t\t\t\t\t\tDownload\t\t\t\t\t<\/a>\n\t\t\t\t\t<\/div>\n\t\t\t\t\t\t\t<\/div>\n\t\t\t\t\t\t<\/div>\n\t\t\t\t\t\t<\/div>\n\t\t\t\t<\/div>\n\t\t\t\t\t<\/div>\n\t\t<\/div>\n\t\t\t\t\t<\/div>\n\t\t<\/section>\n\t\t\t\t<\/div>\n\t\t","protected":false},"excerpt":{"rendered":"<p>Flexibility and Modularity Consolidated experience in the field of laboratory and analytical instrumentation, together with an emphasis on flexibility and modularity, has enabled us to develop the widest range of products on the market: technical solutions to meet the needs of today&#8217;s and tomorrow&#8217;s laboratories. Fume Cupboards MEP Solutions Technical Lab Furniture Cabinets and Cupboard [&hellip;]<\/p>\n","protected":false},"author":5,"featured_media":0,"parent":0,"menu_order":20,"comment_status":"closed","ping_status":"closed","template":"","meta":{"footnotes":""},"class_list":["post-15503","page","type-page","status-publish","hentry"],"yoast_head":"<!-- This site is optimized with the Yoast SEO plugin v27.2 - https:\/\/yoast.com\/product\/yoast-seo-wordpress\/ -->\n<title>Products - Bicasa<\/title>\n<meta name=\"description\" content=\"Flessibilit\u00e0 e Modularit\u00e0 - L&#039;esperienza nel campo della strumentazione da laboratorio ed analitica , ha permesso a BICASA di sviluppare la pi\u00f9 ampia gamma di prodotti presente sul mercato.\" \/>\n<meta name=\"robots\" content=\"index, follow, max-snippet:-1, max-image-preview:large, max-video-preview:-1\" \/>\n<link rel=\"canonical\" href=\"https:\/\/www.bicasa.it\/en\/products\/\" \/>\n<meta property=\"og:locale\" content=\"en_US\" \/>\n<meta property=\"og:type\" content=\"article\" \/>\n<meta property=\"og:title\" content=\"Products - Bicasa\" \/>\n<meta property=\"og:description\" content=\"Flessibilit\u00e0 e Modularit\u00e0 - L&#039;esperienza nel campo della strumentazione da laboratorio ed analitica , ha permesso a BICASA di sviluppare la pi\u00f9 ampia gamma di prodotti presente sul mercato.\" \/>\n<meta property=\"og:url\" content=\"https:\/\/www.bicasa.it\/en\/products\/\" \/>\n<meta property=\"og:site_name\" content=\"Bicasa\" \/>\n<meta property=\"article:modified_time\" content=\"2023-02-27T23:39:40+00:00\" \/>\n<meta property=\"og:image\" content=\"https:\/\/www.bicasa.it\/wp-content\/uploads\/Cappe.svg\" \/>\n<meta name=\"twitter:card\" content=\"summary_large_image\" \/>\n<meta name=\"twitter:label1\" content=\"Est. reading time\" \/>\n\t<meta name=\"twitter:data1\" content=\"2 minutes\" \/>\n<script type=\"application\/ld+json\" class=\"yoast-schema-graph\">{\"@context\":\"https:\/\/schema.org\",\"@graph\":[{\"@type\":\"WebPage\",\"@id\":\"https:\/\/www.bicasa.it\/en\/products\/\",\"url\":\"https:\/\/www.bicasa.it\/en\/products\/\",\"name\":\"Products - Bicasa\",\"isPartOf\":{\"@id\":\"https:\/\/www.bicasa.it\/#website\"},\"primaryImageOfPage\":{\"@id\":\"https:\/\/www.bicasa.it\/en\/products\/#primaryimage\"},\"image\":{\"@id\":\"https:\/\/www.bicasa.it\/en\/products\/#primaryimage\"},\"thumbnailUrl\":\"https:\/\/www.bicasa.it\/wp-content\/uploads\/Cappe.svg\",\"datePublished\":\"2023-02-27T23:39:12+00:00\",\"dateModified\":\"2023-02-27T23:39:40+00:00\",\"description\":\"Flessibilit\u00e0 e Modularit\u00e0 - L'esperienza nel campo della strumentazione da laboratorio ed analitica , ha permesso a BICASA di sviluppare la pi\u00f9 ampia gamma di prodotti presente sul mercato.\",\"breadcrumb\":{\"@id\":\"https:\/\/www.bicasa.it\/en\/products\/#breadcrumb\"},\"inLanguage\":\"en-US\",\"potentialAction\":[{\"@type\":\"ReadAction\",\"target\":[\"https:\/\/www.bicasa.it\/en\/products\/\"]}]},{\"@type\":\"ImageObject\",\"inLanguage\":\"en-US\",\"@id\":\"https:\/\/www.bicasa.it\/en\/products\/#primaryimage\",\"url\":\"https:\/\/www.bicasa.it\/wp-content\/uploads\/Cappe.svg\",\"contentUrl\":\"https:\/\/www.bicasa.it\/wp-content\/uploads\/Cappe.svg\"},{\"@type\":\"BreadcrumbList\",\"@id\":\"https:\/\/www.bicasa.it\/en\/products\/#breadcrumb\",\"itemListElement\":[{\"@type\":\"ListItem\",\"position\":1,\"name\":\"Home\",\"item\":\"https:\/\/www.bicasa.it\/en\/elementor-15414\/\"},{\"@type\":\"ListItem\",\"position\":2,\"name\":\"Products\"}]},{\"@type\":\"WebSite\",\"@id\":\"https:\/\/www.bicasa.it\/#website\",\"url\":\"https:\/\/www.bicasa.it\/\",\"name\":\"Bicasa\",\"description\":\"\",\"publisher\":{\"@id\":\"https:\/\/www.bicasa.it\/#organization\"},\"potentialAction\":[{\"@type\":\"SearchAction\",\"target\":{\"@type\":\"EntryPoint\",\"urlTemplate\":\"https:\/\/www.bicasa.it\/?s={search_term_string}\"},\"query-input\":{\"@type\":\"PropertyValueSpecification\",\"valueRequired\":true,\"valueName\":\"search_term_string\"}}],\"inLanguage\":\"en-US\"},{\"@type\":\"Organization\",\"@id\":\"https:\/\/www.bicasa.it\/#organization\",\"name\":\"Bicasa\",\"url\":\"https:\/\/www.bicasa.it\/\",\"logo\":{\"@type\":\"ImageObject\",\"inLanguage\":\"en-US\",\"@id\":\"https:\/\/www.bicasa.it\/#\/schema\/logo\/image\/\",\"url\":\"https:\/\/www.bicasa.it\/wp-content\/uploads\/logo-bicasa-we-lead-lab.svg\",\"contentUrl\":\"https:\/\/www.bicasa.it\/wp-content\/uploads\/logo-bicasa-we-lead-lab.svg\",\"width\":589,\"height\":185,\"caption\":\"Bicasa\"},\"image\":{\"@id\":\"https:\/\/www.bicasa.it\/#\/schema\/logo\/image\/\"}}]}<\/script>\n<!-- \/ Yoast SEO plugin. -->","yoast_head_json":{"title":"Products - Bicasa","description":"Flessibilit\u00e0 e Modularit\u00e0 - L'esperienza nel campo della strumentazione da laboratorio ed analitica , ha permesso a BICASA di sviluppare la pi\u00f9 ampia gamma di prodotti presente sul mercato.","robots":{"index":"index","follow":"follow","max-snippet":"max-snippet:-1","max-image-preview":"max-image-preview:large","max-video-preview":"max-video-preview:-1"},"canonical":"https:\/\/www.bicasa.it\/en\/products\/","og_locale":"en_US","og_type":"article","og_title":"Products - Bicasa","og_description":"Flessibilit\u00e0 e Modularit\u00e0 - L'esperienza nel campo della strumentazione da laboratorio ed analitica , ha permesso a BICASA di sviluppare la pi\u00f9 ampia gamma di prodotti presente sul mercato.","og_url":"https:\/\/www.bicasa.it\/en\/products\/","og_site_name":"Bicasa","article_modified_time":"2023-02-27T23:39:40+00:00","og_image":[{"url":"https:\/\/www.bicasa.it\/wp-content\/uploads\/Cappe.svg","type":"","width":"","height":""}],"twitter_card":"summary_large_image","twitter_misc":{"Est. reading time":"2 minutes"},"schema":{"@context":"https:\/\/schema.org","@graph":[{"@type":"WebPage","@id":"https:\/\/www.bicasa.it\/en\/products\/","url":"https:\/\/www.bicasa.it\/en\/products\/","name":"Products - Bicasa","isPartOf":{"@id":"https:\/\/www.bicasa.it\/#website"},"primaryImageOfPage":{"@id":"https:\/\/www.bicasa.it\/en\/products\/#primaryimage"},"image":{"@id":"https:\/\/www.bicasa.it\/en\/products\/#primaryimage"},"thumbnailUrl":"https:\/\/www.bicasa.it\/wp-content\/uploads\/Cappe.svg","datePublished":"2023-02-27T23:39:12+00:00","dateModified":"2023-02-27T23:39:40+00:00","description":"Flessibilit\u00e0 e Modularit\u00e0 - L'esperienza nel campo della strumentazione da laboratorio ed analitica , ha permesso a BICASA di sviluppare la pi\u00f9 ampia gamma di prodotti presente sul mercato.","breadcrumb":{"@id":"https:\/\/www.bicasa.it\/en\/products\/#breadcrumb"},"inLanguage":"en-US","potentialAction":[{"@type":"ReadAction","target":["https:\/\/www.bicasa.it\/en\/products\/"]}]},{"@type":"ImageObject","inLanguage":"en-US","@id":"https:\/\/www.bicasa.it\/en\/products\/#primaryimage","url":"https:\/\/www.bicasa.it\/wp-content\/uploads\/Cappe.svg","contentUrl":"https:\/\/www.bicasa.it\/wp-content\/uploads\/Cappe.svg"},{"@type":"BreadcrumbList","@id":"https:\/\/www.bicasa.it\/en\/products\/#breadcrumb","itemListElement":[{"@type":"ListItem","position":1,"name":"Home","item":"https:\/\/www.bicasa.it\/en\/elementor-15414\/"},{"@type":"ListItem","position":2,"name":"Products"}]},{"@type":"WebSite","@id":"https:\/\/www.bicasa.it\/#website","url":"https:\/\/www.bicasa.it\/","name":"Bicasa","description":"","publisher":{"@id":"https:\/\/www.bicasa.it\/#organization"},"potentialAction":[{"@type":"SearchAction","target":{"@type":"EntryPoint","urlTemplate":"https:\/\/www.bicasa.it\/?s={search_term_string}"},"query-input":{"@type":"PropertyValueSpecification","valueRequired":true,"valueName":"search_term_string"}}],"inLanguage":"en-US"},{"@type":"Organization","@id":"https:\/\/www.bicasa.it\/#organization","name":"Bicasa","url":"https:\/\/www.bicasa.it\/","logo":{"@type":"ImageObject","inLanguage":"en-US","@id":"https:\/\/www.bicasa.it\/#\/schema\/logo\/image\/","url":"https:\/\/www.bicasa.it\/wp-content\/uploads\/logo-bicasa-we-lead-lab.svg","contentUrl":"https:\/\/www.bicasa.it\/wp-content\/uploads\/logo-bicasa-we-lead-lab.svg","width":589,"height":185,"caption":"Bicasa"},"image":{"@id":"https:\/\/www.bicasa.it\/#\/schema\/logo\/image\/"}}]}},"_links":{"self":[{"href":"https:\/\/www.bicasa.it\/en\/wp-json\/wp\/v2\/pages\/15503","targetHints":{"allow":["GET"]}}],"collection":[{"href":"https:\/\/www.bicasa.it\/en\/wp-json\/wp\/v2\/pages"}],"about":[{"href":"https:\/\/www.bicasa.it\/en\/wp-json\/wp\/v2\/types\/page"}],"author":[{"embeddable":true,"href":"https:\/\/www.bicasa.it\/en\/wp-json\/wp\/v2\/users\/5"}],"replies":[{"embeddable":true,"href":"https:\/\/www.bicasa.it\/en\/wp-json\/wp\/v2\/comments?post=15503"}],"version-history":[{"count":45,"href":"https:\/\/www.bicasa.it\/en\/wp-json\/wp\/v2\/pages\/15503\/revisions"}],"predecessor-version":[{"id":19736,"href":"https:\/\/www.bicasa.it\/en\/wp-json\/wp\/v2\/pages\/15503\/revisions\/19736"}],"wp:attachment":[{"href":"https:\/\/www.bicasa.it\/en\/wp-json\/wp\/v2\/media?parent=15503"}],"curies":[{"name":"wp","href":"https:\/\/api.w.org\/{rel}","templated":true}]}}