{"id":17512,"date":"2023-02-28T00:41:39","date_gmt":"2023-02-27T23:41:39","guid":{"rendered":"https:\/\/www.bicasa.it\/prodotti\/"},"modified":"2023-02-28T00:42:19","modified_gmt":"2023-02-27T23:42:19","slug":"prodotti","status":"publish","type":"page","link":"https:\/\/www.bicasa.it\/pt-pt\/prodotti\/","title":{"rendered":"Produtos"},"content":{"rendered":"\t\t<div data-elementor-type=\"wp-page\" data-elementor-id=\"17512\" class=\"elementor elementor-17512 elementor-13550\" data-elementor-post-type=\"page\">\n\t\t\t\t\t\t<nav class=\"elementor-section elementor-top-section elementor-element elementor-element-3008f2f elementor-section-full_width elementor-section-content-top elementor-hidden-phone elementor-section-height-default elementor-section-height-default\" data-id=\"3008f2f\" data-element_type=\"section\" data-settings=\"{&quot;background_background&quot;:&quot;classic&quot;,&quot;sticky&quot;:&quot;top&quot;,&quot;sticky_on&quot;:[&quot;desktop&quot;,&quot;tablet&quot;,&quot;mobile&quot;],&quot;sticky_offset&quot;:0,&quot;sticky_effects_offset&quot;:0,&quot;sticky_anchor_link_offset&quot;:0}\">\n\t\t\t\t\t\t<div class=\"elementor-container elementor-column-gap-no\">\n\t\t\t\t\t<div class=\"elementor-column elementor-col-100 elementor-top-column elementor-element elementor-element-f3aed7e\" data-id=\"f3aed7e\" data-element_type=\"column\">\n\t\t\t<div class=\"elementor-widget-wrap elementor-element-populated\">\n\t\t\t\t\t\t<div class=\"elementor-element elementor-element-3aeaeba elementor-nav-menu__align-center elementor-nav-menu--dropdown-none elementor-widget elementor-widget-nav-menu\" data-id=\"3aeaeba\" data-element_type=\"widget\" data-settings=\"{&quot;layout&quot;:&quot;horizontal&quot;,&quot;submenu_icon&quot;:{&quot;value&quot;:&quot;&lt;i class=\\&quot;fas fa-caret-down\\&quot; aria-hidden=\\&quot;true\\&quot;&gt;&lt;\\\/i&gt;&quot;,&quot;library&quot;:&quot;fa-solid&quot;}}\" data-widget_type=\"nav-menu.default\">\n\t\t\t\t<div class=\"elementor-widget-container\">\n\t\t\t\t\t\t\t\t<nav aria-label=\"Menu\" class=\"elementor-nav-menu--main elementor-nav-menu__container elementor-nav-menu--layout-horizontal e--pointer-background e--animation-fade\">\n\t\t\t\t<ul id=\"menu-1-3aeaeba\" class=\"elementor-nav-menu\"><li class=\"menu-item menu-item-type-post_type menu-item-object-page menu-item-18456\"><a href=\"https:\/\/www.bicasa.it\/pt-pt\/prodotti\/\" class=\"elementor-item\">Produtos<\/a><\/li>\n<li class=\"menu-item menu-item-type-post_type menu-item-object-page menu-item-18457\"><a href=\"https:\/\/www.bicasa.it\/pt-pt\/prodotti\/hottes\/\" class=\"elementor-item\">Hottes<\/a><\/li>\n<li class=\"menu-item menu-item-type-post_type menu-item-object-page menu-item-18458\"><a href=\"https:\/\/www.bicasa.it\/pt-pt\/prodotti\/solucoes-mep\/\" class=\"elementor-item\">Solu\u00e7\u00f5es MEP<\/a><\/li>\n<li class=\"menu-item menu-item-type-post_type menu-item-object-page menu-item-18459\"><a href=\"https:\/\/www.bicasa.it\/pt-pt\/prodotti\/mobiliario-tecnico\/\" class=\"elementor-item\">Mobili\u00e1rio t\u00e9cnico<\/a><\/li>\n<li class=\"menu-item menu-item-type-post_type menu-item-object-page menu-item-18460\"><a href=\"https:\/\/www.bicasa.it\/pt-pt\/prodotti\/armarios\/\" class=\"elementor-item\">Arm\u00e1rios<\/a><\/li>\n<li class=\"menu-item menu-item-type-post_type menu-item-object-page menu-item-18461\"><a href=\"https:\/\/www.bicasa.it\/pt-pt\/prodotti\/acessorios\/\" class=\"elementor-item\">Acess\u00f3rios<\/a><\/li>\n<\/ul>\t\t\t<\/nav>\n\t\t\t\t\t\t<nav class=\"elementor-nav-menu--dropdown elementor-nav-menu__container\" aria-hidden=\"true\">\n\t\t\t\t<ul id=\"menu-2-3aeaeba\" class=\"elementor-nav-menu\"><li class=\"menu-item menu-item-type-post_type menu-item-object-page menu-item-18456\"><a href=\"https:\/\/www.bicasa.it\/pt-pt\/prodotti\/\" class=\"elementor-item\" tabindex=\"-1\">Produtos<\/a><\/li>\n<li class=\"menu-item menu-item-type-post_type menu-item-object-page menu-item-18457\"><a href=\"https:\/\/www.bicasa.it\/pt-pt\/prodotti\/hottes\/\" class=\"elementor-item\" tabindex=\"-1\">Hottes<\/a><\/li>\n<li class=\"menu-item menu-item-type-post_type menu-item-object-page menu-item-18458\"><a href=\"https:\/\/www.bicasa.it\/pt-pt\/prodotti\/solucoes-mep\/\" class=\"elementor-item\" tabindex=\"-1\">Solu\u00e7\u00f5es MEP<\/a><\/li>\n<li class=\"menu-item menu-item-type-post_type menu-item-object-page menu-item-18459\"><a href=\"https:\/\/www.bicasa.it\/pt-pt\/prodotti\/mobiliario-tecnico\/\" class=\"elementor-item\" tabindex=\"-1\">Mobili\u00e1rio t\u00e9cnico<\/a><\/li>\n<li class=\"menu-item menu-item-type-post_type menu-item-object-page menu-item-18460\"><a href=\"https:\/\/www.bicasa.it\/pt-pt\/prodotti\/armarios\/\" class=\"elementor-item\" tabindex=\"-1\">Arm\u00e1rios<\/a><\/li>\n<li class=\"menu-item menu-item-type-post_type menu-item-object-page menu-item-18461\"><a href=\"https:\/\/www.bicasa.it\/pt-pt\/prodotti\/acessorios\/\" class=\"elementor-item\" tabindex=\"-1\">Acess\u00f3rios<\/a><\/li>\n<\/ul>\t\t\t<\/nav>\n\t\t\t\t\t\t<\/div>\n\t\t\t\t<\/div>\n\t\t\t\t\t<\/div>\n\t\t<\/div>\n\t\t\t\t\t<\/div>\n\t\t<\/nav>\n\t\t\t\t<section class=\"elementor-section elementor-top-section elementor-element elementor-element-6c45a4a4 elementor-section-height-min-height elementor-section-content-middle elementor-section-full_width elementor-section-height-default elementor-section-items-middle\" data-id=\"6c45a4a4\" data-element_type=\"section\" data-settings=\"{&quot;background_background&quot;:&quot;classic&quot;,&quot;animation&quot;:&quot;none&quot;}\">\n\t\t\t\t\t\t\t<div class=\"elementor-background-overlay\"><\/div>\n\t\t\t\t\t\t\t<div class=\"elementor-container elementor-column-gap-no\">\n\t\t\t\t\t<div class=\"elementor-column elementor-col-100 elementor-top-column elementor-element elementor-element-8905ad6\" data-id=\"8905ad6\" data-element_type=\"column\">\n\t\t\t<div class=\"elementor-widget-wrap\">\n\t\t\t\t\t\t\t<\/div>\n\t\t<\/div>\n\t\t\t\t\t<\/div>\n\t\t<\/section>\n\t\t\t\t<section class=\"elementor-section elementor-top-section elementor-element elementor-element-cbc9869 elementor-section-content-middle elementor-section-boxed elementor-section-height-default elementor-section-height-default\" data-id=\"cbc9869\" data-element_type=\"section\">\n\t\t\t\t\t\t\t<div class=\"elementor-background-overlay\"><\/div>\n\t\t\t\t\t\t\t<div class=\"elementor-container elementor-column-gap-no\">\n\t\t\t\t\t<div class=\"elementor-column elementor-col-100 elementor-top-column elementor-element elementor-element-8e662c7\" data-id=\"8e662c7\" data-element_type=\"column\">\n\t\t\t<div class=\"elementor-widget-wrap elementor-element-populated\">\n\t\t\t\t\t\t<div class=\"elementor-element elementor-element-b56433d elementor-widget elementor-widget-heading\" data-id=\"b56433d\" data-element_type=\"widget\" data-widget_type=\"heading.default\">\n\t\t\t\t<div class=\"elementor-widget-container\">\n\t\t\t\t\t<h2 class=\"elementor-heading-title elementor-size-default\"><b>Flexibilidade e Modularidade<\/b><\/h2>\t\t\t\t<\/div>\n\t\t\t\t<\/div>\n\t\t\t\t<div class=\"elementor-element elementor-element-4cdf101 elementor-widget elementor-widget-text-editor\" data-id=\"4cdf101\" data-element_type=\"widget\" data-widget_type=\"text-editor.default\">\n\t\t\t\t<div class=\"elementor-widget-container\">\n\t\t\t\t\t\t\t\t\t<p>A experi\u00eancia consolidada na \u00e1rea da instrumenta\u00e7\u00e3o laboratorial e anal\u00edtica aliada \u00e0 \u00eanfase nos conceitos de flexibilidade e modularidade, permitiu-nos desenvolver a mais vasta gama de produtos do mercado: solu\u00e7\u00f5es t\u00e9cnicas que respondem a todas as necessidades dos laborat\u00f3rios de hoje e de amanh\u00e3.<\/p>\n\t\t\t\t\t\t\t\t<\/div>\n\t\t\t\t<\/div>\n\t\t\t\t\t<\/div>\n\t\t<\/div>\n\t\t\t\t\t<\/div>\n\t\t<\/section>\n\t\t\t\t<section class=\"elementor-section elementor-top-section elementor-element elementor-element-dd51da3 elementor-section-height-min-height HomeWrapButtons elementor-section-boxed elementor-section-height-default elementor-section-items-middle\" data-id=\"dd51da3\" data-element_type=\"section\">\n\t\t\t\t\t\t<div class=\"elementor-container elementor-column-gap-default\">\n\t\t\t\t\t<div class=\"elementor-column elementor-col-20 elementor-top-column elementor-element elementor-element-6b126cd box-prodotti\" data-id=\"6b126cd\" data-element_type=\"column\">\n\t\t\t<div class=\"elementor-widget-wrap elementor-element-populated\">\n\t\t\t\t\t\t<div class=\"elementor-element elementor-element-5cde85d home-button elementor-widget-mobile__width-inherit elementor-position-top elementor-widget elementor-widget-image-box\" data-id=\"5cde85d\" data-element_type=\"widget\" data-widget_type=\"image-box.default\">\n\t\t\t\t<div class=\"elementor-widget-container\">\n\t\t\t\t\t<div class=\"elementor-image-box-wrapper\"><figure class=\"elementor-image-box-img\"><a href=\"https:\/\/www.bicasa.it\/pt-pt\/prodotti\/hottes\/\" tabindex=\"-1\"><img decoding=\"async\" width=\"100\" height=\"152\" src=\"https:\/\/www.bicasa.it\/wp-content\/uploads\/Cappe.svg\" class=\"attachment-full size-full wp-image-17332\" alt=\"\" \/><\/a><\/figure><div class=\"elementor-image-box-content\"><h3 class=\"elementor-image-box-title\"><a href=\"https:\/\/www.bicasa.it\/pt-pt\/prodotti\/hottes\/\">Hottes<\/a><\/h3><\/div><\/div>\t\t\t\t<\/div>\n\t\t\t\t<\/div>\n\t\t\t\t\t<\/div>\n\t\t<\/div>\n\t\t\t\t<div class=\"elementor-column elementor-col-20 elementor-top-column elementor-element elementor-element-f5c8598\" data-id=\"f5c8598\" data-element_type=\"column\">\n\t\t\t<div class=\"elementor-widget-wrap elementor-element-populated\">\n\t\t\t\t\t\t<div class=\"elementor-element elementor-element-1b88396 home-button elementor-position-top elementor-widget elementor-widget-image-box\" data-id=\"1b88396\" data-element_type=\"widget\" data-widget_type=\"image-box.default\">\n\t\t\t\t<div class=\"elementor-widget-container\">\n\t\t\t\t\t<div class=\"elementor-image-box-wrapper\"><figure class=\"elementor-image-box-img\"><a href=\"https:\/\/www.bicasa.it\/pt-pt\/prodotti\/solucoes-mep\/\" tabindex=\"-1\"><img decoding=\"async\" width=\"128\" height=\"141\" src=\"https:\/\/www.bicasa.it\/wp-content\/uploads\/soluzioni-mep.svg\" class=\"attachment-full size-full wp-image-17337\" alt=\"\" \/><\/a><\/figure><div class=\"elementor-image-box-content\"><h3 class=\"elementor-image-box-title\"><a href=\"https:\/\/www.bicasa.it\/pt-pt\/prodotti\/solucoes-mep\/\">Solu\u00e7\u00f5es MEP<\/a><\/h3><\/div><\/div>\t\t\t\t<\/div>\n\t\t\t\t<\/div>\n\t\t\t\t\t<\/div>\n\t\t<\/div>\n\t\t\t\t<div class=\"elementor-column elementor-col-20 elementor-top-column elementor-element elementor-element-1c8afbe\" data-id=\"1c8afbe\" data-element_type=\"column\">\n\t\t\t<div class=\"elementor-widget-wrap elementor-element-populated\">\n\t\t\t\t\t\t<div class=\"elementor-element elementor-element-3746426 home-button elementor-position-top elementor-widget elementor-widget-image-box\" data-id=\"3746426\" data-element_type=\"widget\" data-widget_type=\"image-box.default\">\n\t\t\t\t<div class=\"elementor-widget-container\">\n\t\t\t\t\t<div class=\"elementor-image-box-wrapper\"><figure class=\"elementor-image-box-img\"><a href=\"https:\/\/www.bicasa.it\/pt-pt\/prodotti\/mobiliario-tecnico\/\" tabindex=\"-1\"><img decoding=\"async\" width=\"133\" height=\"125\" src=\"https:\/\/www.bicasa.it\/wp-content\/uploads\/Arredo.svg\" class=\"attachment-full size-full wp-image-17342\" alt=\"\" \/><\/a><\/figure><div class=\"elementor-image-box-content\"><h3 class=\"elementor-image-box-title\"><a href=\"https:\/\/www.bicasa.it\/pt-pt\/prodotti\/mobiliario-tecnico\/\">Mob\u00edliario T\u00e9cnico<\/a><\/h3><\/div><\/div>\t\t\t\t<\/div>\n\t\t\t\t<\/div>\n\t\t\t\t\t<\/div>\n\t\t<\/div>\n\t\t\t\t<div class=\"elementor-column elementor-col-20 elementor-top-column elementor-element elementor-element-4bf350c\" data-id=\"4bf350c\" data-element_type=\"column\">\n\t\t\t<div class=\"elementor-widget-wrap elementor-element-populated\">\n\t\t\t\t\t\t<div class=\"elementor-element elementor-element-f334831 home-button elementor-position-top elementor-widget elementor-widget-image-box\" data-id=\"f334831\" data-element_type=\"widget\" data-widget_type=\"image-box.default\">\n\t\t\t\t<div class=\"elementor-widget-container\">\n\t\t\t\t\t<div class=\"elementor-image-box-wrapper\"><figure class=\"elementor-image-box-img\"><a href=\"https:\/\/www.bicasa.it\/pt-pt\/prodotti\/armarios\/\" tabindex=\"-1\"><img loading=\"lazy\" decoding=\"async\" width=\"100\" height=\"119\" src=\"https:\/\/www.bicasa.it\/wp-content\/uploads\/armadi.svg\" class=\"attachment-full size-full wp-image-17347\" alt=\"\" \/><\/a><\/figure><div class=\"elementor-image-box-content\"><h3 class=\"elementor-image-box-title\"><a href=\"https:\/\/www.bicasa.it\/pt-pt\/prodotti\/armarios\/\">Arm\u00e1rios<\/a><\/h3><\/div><\/div>\t\t\t\t<\/div>\n\t\t\t\t<\/div>\n\t\t\t\t\t<\/div>\n\t\t<\/div>\n\t\t\t\t<div class=\"elementor-column elementor-col-20 elementor-top-column elementor-element elementor-element-eb79aca\" data-id=\"eb79aca\" data-element_type=\"column\">\n\t\t\t<div class=\"elementor-widget-wrap elementor-element-populated\">\n\t\t\t\t\t\t<div class=\"elementor-element elementor-element-ee7c33e home-button elementor-position-top elementor-widget elementor-widget-image-box\" data-id=\"ee7c33e\" data-element_type=\"widget\" data-widget_type=\"image-box.default\">\n\t\t\t\t<div class=\"elementor-widget-container\">\n\t\t\t\t\t<div class=\"elementor-image-box-wrapper\"><figure class=\"elementor-image-box-img\"><a href=\"https:\/\/www.bicasa.it\/pt-pt\/prodotti\/acessorios\/\" tabindex=\"-1\"><img loading=\"lazy\" decoding=\"async\" width=\"100\" height=\"122\" src=\"https:\/\/www.bicasa.it\/wp-content\/uploads\/accessori.svg\" class=\"attachment-full size-full wp-image-17352\" alt=\"\" \/><\/a><\/figure><div class=\"elementor-image-box-content\"><h3 class=\"elementor-image-box-title\"><a href=\"https:\/\/www.bicasa.it\/pt-pt\/prodotti\/acessorios\/\">Acess\u00f3rios<\/a><\/h3><\/div><\/div>\t\t\t\t<\/div>\n\t\t\t\t<\/div>\n\t\t\t\t\t<\/div>\n\t\t<\/div>\n\t\t\t\t\t<\/div>\n\t\t<\/section>\n\t\t\t\t<section class=\"elementor-section elementor-top-section elementor-element elementor-element-10d3cb9 elementor-section-content-middle elementor-section-boxed elementor-section-height-default elementor-section-height-default\" data-id=\"10d3cb9\" data-element_type=\"section\">\n\t\t\t\t\t\t<div class=\"elementor-container elementor-column-gap-no\">\n\t\t\t\t\t<div class=\"elementor-column elementor-col-100 elementor-top-column elementor-element elementor-element-5ded8e2\" data-id=\"5ded8e2\" data-element_type=\"column\">\n\t\t\t<div class=\"elementor-widget-wrap elementor-element-populated\">\n\t\t\t\t\t\t<div class=\"elementor-element elementor-element-89deab5 elementor-cta--layout-image-left elementor-cta--mobile-layout-image-above elementor-cta--valign-middle elementor-cta--skin-classic elementor-animated-content elementor-bg-transform elementor-bg-transform-zoom-in elementor-widget elementor-widget-global elementor-global-18845 elementor-global-14413 elementor-widget-call-to-action\" data-id=\"89deab5\" data-element_type=\"widget\" data-widget_type=\"call-to-action.default\">\n\t\t\t\t<div class=\"elementor-widget-container\">\n\t\t\t\t\t\t\t<div class=\"elementor-cta\">\n\t\t\t\t\t<div class=\"elementor-cta__bg-wrapper\">\n\t\t\t\t<div class=\"elementor-cta__bg elementor-bg\" style=\"background-image: url(https:\/\/www.bicasa.it\/wp-content\/uploads\/1598117328.png);\" role=\"img\" aria-label=\"design book\"><\/div>\n\t\t\t\t<div class=\"elementor-cta__bg-overlay\"><\/div>\n\t\t\t<\/div>\n\t\t\t\t\t\t\t<div class=\"elementor-cta__content\">\n\t\t\t\t\n\t\t\t\t\t\t\t\t\t<h2 class=\"elementor-cta__title elementor-cta__content-item elementor-content-item\">\n\t\t\t\t\t\tBaixe nosso Cat\u00e1logo\t\t\t\t\t<\/h2>\n\t\t\t\t\n\t\t\t\t\t\t\t\t\t<div class=\"elementor-cta__description elementor-cta__content-item elementor-content-item\">\n\t\t\t\t\t\t<p>Baixe o nosso cat\u00e1logo geral ou as brochuras dos produtos que lhe interessam. <\/p>\n\t\t\t\t\t<\/div>\n\t\t\t\t\n\t\t\t\t\t\t\t\t\t<div class=\"elementor-cta__button-wrapper elementor-cta__content-item elementor-content-item \">\n\t\t\t\t\t<a class=\"elementor-cta__button elementor-button elementor-size-md\" href=\"https:\/\/www.bicasa.it\/pt-pt\/download\/\">\n\t\t\t\t\t\tBaixe\t\t\t\t\t<\/a>\n\t\t\t\t\t<\/div>\n\t\t\t\t\t\t\t<\/div>\n\t\t\t\t\t\t<\/div>\n\t\t\t\t\t\t<\/div>\n\t\t\t\t<\/div>\n\t\t\t\t\t<\/div>\n\t\t<\/div>\n\t\t\t\t\t<\/div>\n\t\t<\/section>\n\t\t\t\t<\/div>\n\t\t","protected":false},"excerpt":{"rendered":"<p>Flexibilidade e Modularidade A experi\u00eancia consolidada na \u00e1rea da instrumenta\u00e7\u00e3o laboratorial e anal\u00edtica aliada \u00e0 \u00eanfase nos conceitos de flexibilidade e modularidade, permitiu-nos desenvolver a mais vasta gama de produtos do mercado: solu\u00e7\u00f5es t\u00e9cnicas que respondem a todas as necessidades dos laborat\u00f3rios de hoje e de amanh\u00e3. Hottes Solu\u00e7\u00f5es MEP Mob\u00edliario T\u00e9cnico Arm\u00e1rios Acess\u00f3rios Baixe [&hellip;]<\/p>\n","protected":false},"author":5,"featured_media":0,"parent":0,"menu_order":20,"comment_status":"closed","ping_status":"closed","template":"","meta":{"footnotes":""},"class_list":["post-17512","page","type-page","status-publish","hentry"],"yoast_head":"<!-- This site is optimized with the Yoast SEO plugin v27.2 - https:\/\/yoast.com\/product\/yoast-seo-wordpress\/ -->\n<title>Produtos - Bicasa<\/title>\n<meta name=\"description\" content=\"Flexibilidade e Modularidade - A experi\u00eancia consolidada na \u00e1rea da instrumenta\u00e7\u00e3o laboratorial e anal\u00edtica aliada \u00e0 \u00eanfase nos conceitos de flexibilidade e modularidade, permitiu-nos desenvolver a mais vasta gama de produtos do mercado\" \/>\n<meta name=\"robots\" content=\"index, follow, max-snippet:-1, max-image-preview:large, max-video-preview:-1\" \/>\n<link rel=\"canonical\" href=\"https:\/\/www.bicasa.it\/en\/products\/\" \/>\n<meta property=\"og:locale\" content=\"pt_PT\" \/>\n<meta property=\"og:type\" content=\"article\" \/>\n<meta property=\"og:title\" content=\"Produtos - Bicasa\" \/>\n<meta property=\"og:description\" content=\"Flexibilidade e Modularidade - A experi\u00eancia consolidada na \u00e1rea da instrumenta\u00e7\u00e3o laboratorial e anal\u00edtica aliada \u00e0 \u00eanfase nos conceitos de flexibilidade e modularidade, permitiu-nos desenvolver a mais vasta gama de produtos do mercado\" \/>\n<meta property=\"og:url\" content=\"https:\/\/www.bicasa.it\/en\/products\/\" \/>\n<meta property=\"og:site_name\" content=\"Bicasa\" \/>\n<meta property=\"article:modified_time\" content=\"2023-02-27T23:42:19+00:00\" \/>\n<meta property=\"og:image\" content=\"https:\/\/www.bicasa.it\/wp-content\/uploads\/Cappe.svg\" \/>\n<meta name=\"twitter:card\" content=\"summary_large_image\" \/>\n<meta name=\"twitter:label1\" content=\"Tempo estimado de leitura\" \/>\n\t<meta name=\"twitter:data1\" content=\"2 minutos\" \/>\n<script type=\"application\/ld+json\" class=\"yoast-schema-graph\">{\"@context\":\"https:\/\/schema.org\",\"@graph\":[{\"@type\":\"WebPage\",\"@id\":\"https:\/\/www.bicasa.it\/en\/products\/\",\"url\":\"https:\/\/www.bicasa.it\/en\/products\/\",\"name\":\"Produtos - Bicasa\",\"isPartOf\":{\"@id\":\"https:\/\/www.bicasa.it\/#website\"},\"primaryImageOfPage\":{\"@id\":\"https:\/\/www.bicasa.it\/en\/products\/#primaryimage\"},\"image\":{\"@id\":\"https:\/\/www.bicasa.it\/en\/products\/#primaryimage\"},\"thumbnailUrl\":\"https:\/\/www.bicasa.it\/wp-content\/uploads\/Cappe.svg\",\"datePublished\":\"2023-02-27T23:41:39+00:00\",\"dateModified\":\"2023-02-27T23:42:19+00:00\",\"description\":\"Flexibilidade e Modularidade - A experi\u00eancia consolidada na \u00e1rea da instrumenta\u00e7\u00e3o laboratorial e anal\u00edtica aliada \u00e0 \u00eanfase nos conceitos de flexibilidade e modularidade, permitiu-nos desenvolver a mais vasta gama de produtos do mercado\",\"breadcrumb\":{\"@id\":\"https:\/\/www.bicasa.it\/en\/products\/#breadcrumb\"},\"inLanguage\":\"pt-PT\",\"potentialAction\":[{\"@type\":\"ReadAction\",\"target\":[\"https:\/\/www.bicasa.it\/en\/products\/\"]}]},{\"@type\":\"ImageObject\",\"inLanguage\":\"pt-PT\",\"@id\":\"https:\/\/www.bicasa.it\/en\/products\/#primaryimage\",\"url\":\"https:\/\/www.bicasa.it\/wp-content\/uploads\/Cappe.svg\",\"contentUrl\":\"https:\/\/www.bicasa.it\/wp-content\/uploads\/Cappe.svg\"},{\"@type\":\"BreadcrumbList\",\"@id\":\"https:\/\/www.bicasa.it\/en\/products\/#breadcrumb\",\"itemListElement\":[{\"@type\":\"ListItem\",\"position\":1,\"name\":\"Home\",\"item\":\"https:\/\/www.bicasa.it\/pt-pt\/home-page\/\"},{\"@type\":\"ListItem\",\"position\":2,\"name\":\"Produtos\"}]},{\"@type\":\"WebSite\",\"@id\":\"https:\/\/www.bicasa.it\/#website\",\"url\":\"https:\/\/www.bicasa.it\/\",\"name\":\"Bicasa\",\"description\":\"\",\"publisher\":{\"@id\":\"https:\/\/www.bicasa.it\/#organization\"},\"potentialAction\":[{\"@type\":\"SearchAction\",\"target\":{\"@type\":\"EntryPoint\",\"urlTemplate\":\"https:\/\/www.bicasa.it\/?s={search_term_string}\"},\"query-input\":{\"@type\":\"PropertyValueSpecification\",\"valueRequired\":true,\"valueName\":\"search_term_string\"}}],\"inLanguage\":\"pt-PT\"},{\"@type\":\"Organization\",\"@id\":\"https:\/\/www.bicasa.it\/#organization\",\"name\":\"Bicasa\",\"url\":\"https:\/\/www.bicasa.it\/\",\"logo\":{\"@type\":\"ImageObject\",\"inLanguage\":\"pt-PT\",\"@id\":\"https:\/\/www.bicasa.it\/#\/schema\/logo\/image\/\",\"url\":\"https:\/\/www.bicasa.it\/wp-content\/uploads\/logo-bicasa-we-lead-lab.svg\",\"contentUrl\":\"https:\/\/www.bicasa.it\/wp-content\/uploads\/logo-bicasa-we-lead-lab.svg\",\"width\":589,\"height\":185,\"caption\":\"Bicasa\"},\"image\":{\"@id\":\"https:\/\/www.bicasa.it\/#\/schema\/logo\/image\/\"}}]}<\/script>\n<!-- \/ Yoast SEO plugin. -->","yoast_head_json":{"title":"Produtos - Bicasa","description":"Flexibilidade e Modularidade - A experi\u00eancia consolidada na \u00e1rea da instrumenta\u00e7\u00e3o laboratorial e anal\u00edtica aliada \u00e0 \u00eanfase nos conceitos de flexibilidade e modularidade, permitiu-nos desenvolver a mais vasta gama de produtos do mercado","robots":{"index":"index","follow":"follow","max-snippet":"max-snippet:-1","max-image-preview":"max-image-preview:large","max-video-preview":"max-video-preview:-1"},"canonical":"https:\/\/www.bicasa.it\/en\/products\/","og_locale":"pt_PT","og_type":"article","og_title":"Produtos - Bicasa","og_description":"Flexibilidade e Modularidade - A experi\u00eancia consolidada na \u00e1rea da instrumenta\u00e7\u00e3o laboratorial e anal\u00edtica aliada \u00e0 \u00eanfase nos conceitos de flexibilidade e modularidade, permitiu-nos desenvolver a mais vasta gama de produtos do mercado","og_url":"https:\/\/www.bicasa.it\/en\/products\/","og_site_name":"Bicasa","article_modified_time":"2023-02-27T23:42:19+00:00","og_image":[{"url":"https:\/\/www.bicasa.it\/wp-content\/uploads\/Cappe.svg","type":"","width":"","height":""}],"twitter_card":"summary_large_image","twitter_misc":{"Tempo estimado de leitura":"2 minutos"},"schema":{"@context":"https:\/\/schema.org","@graph":[{"@type":"WebPage","@id":"https:\/\/www.bicasa.it\/en\/products\/","url":"https:\/\/www.bicasa.it\/en\/products\/","name":"Produtos - Bicasa","isPartOf":{"@id":"https:\/\/www.bicasa.it\/#website"},"primaryImageOfPage":{"@id":"https:\/\/www.bicasa.it\/en\/products\/#primaryimage"},"image":{"@id":"https:\/\/www.bicasa.it\/en\/products\/#primaryimage"},"thumbnailUrl":"https:\/\/www.bicasa.it\/wp-content\/uploads\/Cappe.svg","datePublished":"2023-02-27T23:41:39+00:00","dateModified":"2023-02-27T23:42:19+00:00","description":"Flexibilidade e Modularidade - A experi\u00eancia consolidada na \u00e1rea da instrumenta\u00e7\u00e3o laboratorial e anal\u00edtica aliada \u00e0 \u00eanfase nos conceitos de flexibilidade e modularidade, permitiu-nos desenvolver a mais vasta gama de produtos do mercado","breadcrumb":{"@id":"https:\/\/www.bicasa.it\/en\/products\/#breadcrumb"},"inLanguage":"pt-PT","potentialAction":[{"@type":"ReadAction","target":["https:\/\/www.bicasa.it\/en\/products\/"]}]},{"@type":"ImageObject","inLanguage":"pt-PT","@id":"https:\/\/www.bicasa.it\/en\/products\/#primaryimage","url":"https:\/\/www.bicasa.it\/wp-content\/uploads\/Cappe.svg","contentUrl":"https:\/\/www.bicasa.it\/wp-content\/uploads\/Cappe.svg"},{"@type":"BreadcrumbList","@id":"https:\/\/www.bicasa.it\/en\/products\/#breadcrumb","itemListElement":[{"@type":"ListItem","position":1,"name":"Home","item":"https:\/\/www.bicasa.it\/pt-pt\/home-page\/"},{"@type":"ListItem","position":2,"name":"Produtos"}]},{"@type":"WebSite","@id":"https:\/\/www.bicasa.it\/#website","url":"https:\/\/www.bicasa.it\/","name":"Bicasa","description":"","publisher":{"@id":"https:\/\/www.bicasa.it\/#organization"},"potentialAction":[{"@type":"SearchAction","target":{"@type":"EntryPoint","urlTemplate":"https:\/\/www.bicasa.it\/?s={search_term_string}"},"query-input":{"@type":"PropertyValueSpecification","valueRequired":true,"valueName":"search_term_string"}}],"inLanguage":"pt-PT"},{"@type":"Organization","@id":"https:\/\/www.bicasa.it\/#organization","name":"Bicasa","url":"https:\/\/www.bicasa.it\/","logo":{"@type":"ImageObject","inLanguage":"pt-PT","@id":"https:\/\/www.bicasa.it\/#\/schema\/logo\/image\/","url":"https:\/\/www.bicasa.it\/wp-content\/uploads\/logo-bicasa-we-lead-lab.svg","contentUrl":"https:\/\/www.bicasa.it\/wp-content\/uploads\/logo-bicasa-we-lead-lab.svg","width":589,"height":185,"caption":"Bicasa"},"image":{"@id":"https:\/\/www.bicasa.it\/#\/schema\/logo\/image\/"}}]}},"_links":{"self":[{"href":"https:\/\/www.bicasa.it\/pt-pt\/wp-json\/wp\/v2\/pages\/17512","targetHints":{"allow":["GET"]}}],"collection":[{"href":"https:\/\/www.bicasa.it\/pt-pt\/wp-json\/wp\/v2\/pages"}],"about":[{"href":"https:\/\/www.bicasa.it\/pt-pt\/wp-json\/wp\/v2\/types\/page"}],"author":[{"embeddable":true,"href":"https:\/\/www.bicasa.it\/pt-pt\/wp-json\/wp\/v2\/users\/5"}],"replies":[{"embeddable":true,"href":"https:\/\/www.bicasa.it\/pt-pt\/wp-json\/wp\/v2\/comments?post=17512"}],"version-history":[{"count":11,"href":"https:\/\/www.bicasa.it\/pt-pt\/wp-json\/wp\/v2\/pages\/17512\/revisions"}],"predecessor-version":[{"id":19748,"href":"https:\/\/www.bicasa.it\/pt-pt\/wp-json\/wp\/v2\/pages\/17512\/revisions\/19748"}],"wp:attachment":[{"href":"https:\/\/www.bicasa.it\/pt-pt\/wp-json\/wp\/v2\/media?parent=17512"}],"curies":[{"name":"wp","href":"https:\/\/api.w.org\/{rel}","templated":true}]}}